{"id":118,"date":"2024-12-03T12:16:23","date_gmt":"2024-12-03T11:16:23","guid":{"rendered":"https:\/\/printlayout-und-webdesign.de\/EVP\/?page_id=118"},"modified":"2024-12-04T15:05:44","modified_gmt":"2024-12-04T14:05:44","slug":"haus-der-klaenge","status":"publish","type":"page","link":"https:\/\/printlayout-und-webdesign.de\/EVP\/haus-der-klaenge\/","title":{"rendered":"Haus der Kl\u00e4nge"},"content":{"rendered":"<div id=\"pl-118\"  class=\"panel-layout\" ><div id=\"pg-118-0\"  class=\"panel-grid panel-no-style\" ><div id=\"pgc-118-0-0\"  class=\"panel-grid-cell\" ><div id=\"panel-118-0-0-0\" class=\"so-panel widget widget_sow-editor panel-first-child\" data-index=\"0\" ><div\n\t\t\t\n\t\t\tclass=\"so-widget-sow-editor so-widget-sow-editor-base\"\n\t\t\t\n\t\t>\n<div class=\"siteorigin-widget-tinymce textwidget\">\n\t<p>Am Montag, dem 2.12.2024, haben wir Herr Motog in seinem \"Haus der Kl\u00e4nge\" besucht. Dabei haben wir ein Interview gef\u00fchrt und verschiedenste Musikinstrumente mit ihrem historischen Hintergrund kennengelernt. Ein paar von ihnen k\u00f6nnt ihr im Weiteren bestaunen.<\/p>\n<\/div>\n<\/div><\/div><div id=\"panel-118-0-0-1\" class=\"so-panel widget widget_sow-editor\" data-index=\"1\" ><div\n\t\t\t\n\t\t\tclass=\"so-widget-sow-editor so-widget-sow-editor-base\"\n\t\t\t\n\t\t>\n<div class=\"siteorigin-widget-tinymce textwidget\">\n\t<audio class=\"wp-audio-shortcode\" id=\"audio-118-1\" preload=\"none\" style=\"width: 100%;\" controls=\"controls\"><source type=\"audio\/mpeg\" src=\"https:\/\/printlayout-und-webdesign.de\/EVP\/wp-content\/uploads\/2024\/12\/1733215590138-herr-motog-1.m4a?_=1\" \/><a href=\"https:\/\/printlayout-und-webdesign.de\/EVP\/wp-content\/uploads\/2024\/12\/1733215590138-herr-motog-1.m4a\">https:\/\/printlayout-und-webdesign.de\/EVP\/wp-content\/uploads\/2024\/12\/1733215590138-herr-motog-1.m4a<\/a><\/audio>\n<\/div>\n<\/div><\/div><div id=\"panel-118-0-0-2\" class=\"so-panel widget widget_sow-editor panel-last-child\" data-index=\"2\" ><div\n\t\t\t\n\t\t\tclass=\"so-widget-sow-editor so-widget-sow-editor-base\"\n\t\t\t\n\t\t>\n<div class=\"siteorigin-widget-tinymce textwidget\">\n\t<p><a href=\"https:\/\/printlayout-und-webdesign.de\/EVP\/wp-content\/uploads\/2024\/12\/1733215620738-img_1435-scaled.jpeg\" rel=\"mn\"><img loading=\"lazy\" decoding=\"async\" class=\"alignnone wp-image-131 size-thumbnail\" src=\"https:\/\/printlayout-und-webdesign.de\/EVP\/wp-content\/uploads\/2024\/12\/1733215620738-img_1435-150x150.jpeg\" alt=\"\" width=\"150\" height=\"150\" srcset=\"https:\/\/printlayout-und-webdesign.de\/EVP\/wp-content\/uploads\/2024\/12\/1733215620738-img_1435-150x150.jpeg 150w, https:\/\/printlayout-und-webdesign.de\/EVP\/wp-content\/uploads\/2024\/12\/1733215620738-img_1435-300x300.jpeg 300w, https:\/\/printlayout-und-webdesign.de\/EVP\/wp-content\/uploads\/2024\/12\/1733215620738-img_1435-75x75.jpeg 75w\" sizes=\"auto, (max-width: 150px) 100vw, 150px\" \/><\/a> <a href=\"https:\/\/printlayout-und-webdesign.de\/EVP\/wp-content\/uploads\/2024\/12\/1733215620703-img_1436-scaled.jpeg\" rel=\"mn\"><img loading=\"lazy\" decoding=\"async\" class=\"alignnone wp-image-130 size-thumbnail\" src=\"https:\/\/printlayout-und-webdesign.de\/EVP\/wp-content\/uploads\/2024\/12\/1733215620703-img_1436-150x150.jpeg\" alt=\"\" width=\"150\" height=\"150\" srcset=\"https:\/\/printlayout-und-webdesign.de\/EVP\/wp-content\/uploads\/2024\/12\/1733215620703-img_1436-150x150.jpeg 150w, https:\/\/printlayout-und-webdesign.de\/EVP\/wp-content\/uploads\/2024\/12\/1733215620703-img_1436-300x300.jpeg 300w, https:\/\/printlayout-und-webdesign.de\/EVP\/wp-content\/uploads\/2024\/12\/1733215620703-img_1436-75x75.jpeg 75w\" sizes=\"auto, (max-width: 150px) 100vw, 150px\" \/><\/a> <a href=\"https:\/\/printlayout-und-webdesign.de\/EVP\/wp-content\/uploads\/2024\/12\/1733215620681-img_1437-scaled.jpeg\" rel=\"mn\"><img loading=\"lazy\" decoding=\"async\" class=\"alignnone wp-image-129 size-thumbnail\" src=\"https:\/\/printlayout-und-webdesign.de\/EVP\/wp-content\/uploads\/2024\/12\/1733215620681-img_1437-150x150.jpeg\" alt=\"\" width=\"150\" height=\"150\" srcset=\"https:\/\/printlayout-und-webdesign.de\/EVP\/wp-content\/uploads\/2024\/12\/1733215620681-img_1437-150x150.jpeg 150w, https:\/\/printlayout-und-webdesign.de\/EVP\/wp-content\/uploads\/2024\/12\/1733215620681-img_1437-300x300.jpeg 300w, https:\/\/printlayout-und-webdesign.de\/EVP\/wp-content\/uploads\/2024\/12\/1733215620681-img_1437-75x75.jpeg 75w\" sizes=\"auto, (max-width: 150px) 100vw, 150px\" \/><\/a> <a href=\"https:\/\/printlayout-und-webdesign.de\/EVP\/wp-content\/uploads\/2024\/12\/1733215620665-img_1438-scaled.jpeg\" rel=\"mn\"><img loading=\"lazy\" decoding=\"async\" class=\"alignnone wp-image-128 size-thumbnail\" src=\"https:\/\/printlayout-und-webdesign.de\/EVP\/wp-content\/uploads\/2024\/12\/1733215620665-img_1438-150x150.jpeg\" alt=\"\" width=\"150\" height=\"150\" srcset=\"https:\/\/printlayout-und-webdesign.de\/EVP\/wp-content\/uploads\/2024\/12\/1733215620665-img_1438-150x150.jpeg 150w, https:\/\/printlayout-und-webdesign.de\/EVP\/wp-content\/uploads\/2024\/12\/1733215620665-img_1438-300x300.jpeg 300w, https:\/\/printlayout-und-webdesign.de\/EVP\/wp-content\/uploads\/2024\/12\/1733215620665-img_1438-75x75.jpeg 75w\" sizes=\"auto, (max-width: 150px) 100vw, 150px\" \/><\/a> <a href=\"https:\/\/printlayout-und-webdesign.de\/EVP\/wp-content\/uploads\/2024\/12\/1733215620627-img_1439-scaled.jpeg\" rel=\"mn\"><img loading=\"lazy\" decoding=\"async\" class=\"alignnone wp-image-127 size-thumbnail\" src=\"https:\/\/printlayout-und-webdesign.de\/EVP\/wp-content\/uploads\/2024\/12\/1733215620627-img_1439-150x150.jpeg\" alt=\"\" width=\"150\" height=\"150\" srcset=\"https:\/\/printlayout-und-webdesign.de\/EVP\/wp-content\/uploads\/2024\/12\/1733215620627-img_1439-150x150.jpeg 150w, https:\/\/printlayout-und-webdesign.de\/EVP\/wp-content\/uploads\/2024\/12\/1733215620627-img_1439-300x300.jpeg 300w, https:\/\/printlayout-und-webdesign.de\/EVP\/wp-content\/uploads\/2024\/12\/1733215620627-img_1439-75x75.jpeg 75w\" sizes=\"auto, (max-width: 150px) 100vw, 150px\" \/><\/a> <a href=\"https:\/\/printlayout-und-webdesign.de\/EVP\/wp-content\/uploads\/2024\/12\/1733215620606-img_1440-scaled.jpeg\" rel=\"mn\"><img loading=\"lazy\" decoding=\"async\" class=\"alignnone wp-image-126 size-thumbnail\" src=\"https:\/\/printlayout-und-webdesign.de\/EVP\/wp-content\/uploads\/2024\/12\/1733215620606-img_1440-150x150.jpeg\" alt=\"\" width=\"150\" height=\"150\" srcset=\"https:\/\/printlayout-und-webdesign.de\/EVP\/wp-content\/uploads\/2024\/12\/1733215620606-img_1440-150x150.jpeg 150w, https:\/\/printlayout-und-webdesign.de\/EVP\/wp-content\/uploads\/2024\/12\/1733215620606-img_1440-300x300.jpeg 300w, https:\/\/printlayout-und-webdesign.de\/EVP\/wp-content\/uploads\/2024\/12\/1733215620606-img_1440-75x75.jpeg 75w\" sizes=\"auto, (max-width: 150px) 100vw, 150px\" \/><\/a> <a href=\"https:\/\/printlayout-und-webdesign.de\/EVP\/wp-content\/uploads\/2024\/12\/1733215620588-img_1441-scaled.jpeg\" rel=\"mn\"><img loading=\"lazy\" decoding=\"async\" class=\"alignnone wp-image-125 size-thumbnail\" src=\"https:\/\/printlayout-und-webdesign.de\/EVP\/wp-content\/uploads\/2024\/12\/1733215620588-img_1441-150x150.jpeg\" alt=\"\" width=\"150\" height=\"150\" srcset=\"https:\/\/printlayout-und-webdesign.de\/EVP\/wp-content\/uploads\/2024\/12\/1733215620588-img_1441-150x150.jpeg 150w, https:\/\/printlayout-und-webdesign.de\/EVP\/wp-content\/uploads\/2024\/12\/1733215620588-img_1441-300x300.jpeg 300w, https:\/\/printlayout-und-webdesign.de\/EVP\/wp-content\/uploads\/2024\/12\/1733215620588-img_1441-75x75.jpeg 75w\" sizes=\"auto, (max-width: 150px) 100vw, 150px\" \/><\/a> <a href=\"https:\/\/printlayout-und-webdesign.de\/EVP\/wp-content\/uploads\/2024\/12\/1733215620560-img_1442-scaled.jpeg\" rel=\"mn\"><img loading=\"lazy\" decoding=\"async\" class=\"alignnone wp-image-124 size-thumbnail\" src=\"https:\/\/printlayout-und-webdesign.de\/EVP\/wp-content\/uploads\/2024\/12\/1733215620560-img_1442-150x150.jpeg\" alt=\"\" width=\"150\" height=\"150\" srcset=\"https:\/\/printlayout-und-webdesign.de\/EVP\/wp-content\/uploads\/2024\/12\/1733215620560-img_1442-150x150.jpeg 150w, https:\/\/printlayout-und-webdesign.de\/EVP\/wp-content\/uploads\/2024\/12\/1733215620560-img_1442-300x300.jpeg 300w, https:\/\/printlayout-und-webdesign.de\/EVP\/wp-content\/uploads\/2024\/12\/1733215620560-img_1442-75x75.jpeg 75w\" sizes=\"auto, (max-width: 150px) 100vw, 150px\" \/><\/a><\/p>\n<\/div>\n<\/div><\/div><\/div><\/div><\/div>","protected":false},"excerpt":{"rendered":"<p>Am Montag, dem 2.12.2024, haben wir Herr Motog in seinem &#8222;Haus der Kl\u00e4nge&#8220; besucht. Dabei haben wir ein Interview gef\u00fchrt und verschiedenste Musikinstrumente mit ihrem historischen Hintergrund kennengelernt. Ein paar von ihnen k\u00f6nnt ihr im Weiteren bestaunen.<\/p>\n","protected":false},"author":1,"featured_media":0,"parent":0,"menu_order":3,"comment_status":"closed","ping_status":"closed","template":"","meta":{"footnotes":""},"class_list":["post-118","page","type-page","status-publish","hentry"],"_links":{"self":[{"href":"https:\/\/printlayout-und-webdesign.de\/EVP\/wp-json\/wp\/v2\/pages\/118","targetHints":{"allow":["GET"]}}],"collection":[{"href":"https:\/\/printlayout-und-webdesign.de\/EVP\/wp-json\/wp\/v2\/pages"}],"about":[{"href":"https:\/\/printlayout-und-webdesign.de\/EVP\/wp-json\/wp\/v2\/types\/page"}],"author":[{"embeddable":true,"href":"https:\/\/printlayout-und-webdesign.de\/EVP\/wp-json\/wp\/v2\/users\/1"}],"replies":[{"embeddable":true,"href":"https:\/\/printlayout-und-webdesign.de\/EVP\/wp-json\/wp\/v2\/comments?post=118"}],"version-history":[{"count":16,"href":"https:\/\/printlayout-und-webdesign.de\/EVP\/wp-json\/wp\/v2\/pages\/118\/revisions"}],"predecessor-version":[{"id":197,"href":"https:\/\/printlayout-und-webdesign.de\/EVP\/wp-json\/wp\/v2\/pages\/118\/revisions\/197"}],"wp:attachment":[{"href":"https:\/\/printlayout-und-webdesign.de\/EVP\/wp-json\/wp\/v2\/media?parent=118"}],"curies":[{"name":"wp","href":"https:\/\/api.w.org\/{rel}","templated":true}]}}