{"id":54,"date":"2024-11-28T15:13:07","date_gmt":"2024-11-28T14:13:07","guid":{"rendered":"https:\/\/printlayout-und-webdesign.de\/EVP\/?page_id=54"},"modified":"2024-12-04T10:51:51","modified_gmt":"2024-12-04T09:51:51","slug":"maennerchor","status":"publish","type":"page","link":"https:\/\/printlayout-und-webdesign.de\/EVP\/maennerchor\/","title":{"rendered":"M\u00e4nnerchor"},"content":{"rendered":"<div id=\"pl-54\"  class=\"panel-layout\" ><div id=\"pg-54-0\"  class=\"panel-grid panel-no-style\" ><div id=\"pgc-54-0-0\"  class=\"panel-grid-cell\" ><div id=\"panel-54-0-0-0\" class=\"so-panel widget widget_sow-editor panel-first-child\" data-index=\"0\" ><div\n\t\t\t\n\t\t\tclass=\"so-widget-sow-editor so-widget-sow-editor-base\"\n\t\t\t\n\t\t><h3 class=\"widget-title\">M\u00e4nnerchor \"Einigkeit\" Caputh<\/h3>\n<div class=\"siteorigin-widget-tinymce textwidget\">\n\t<p>Schon in den Wochen vor dem Praktikum haben wir uns mit dem M\u00e4nnerchor in Verbindung gesetzt und mit ihnen ein Interview vereinbart. Wir konnten viel \u00fcber die Beweggr\u00fcnde der Beteiligten und die Geschichte dieses \u00fcber 100 Jahre alten Chors erfahren, wie ihr im folgenden Interview h\u00f6ren k\u00f6nnt. Zudem k\u00f6nnt ihr euch noch ein paar Videodateien ansehen, bei denen sie singen, die ihr auch auf ihrer Website finden k\u00f6nnt.<\/p>\n<\/div>\n<\/div><\/div><div id=\"panel-54-0-0-1\" class=\"so-panel widget widget_sow-editor\" data-index=\"1\" ><div\n\t\t\t\n\t\t\tclass=\"so-widget-sow-editor so-widget-sow-editor-base\"\n\t\t\t\n\t\t>\n<div class=\"siteorigin-widget-tinymce textwidget\">\n\t<figure id=\"attachment_116\" aria-describedby=\"caption-attachment-116\" style=\"width: 960px\" class=\"wp-caption alignnone\"><a href=\"https:\/\/printlayout-und-webdesign.de\/EVP\/wp-content\/uploads\/2024\/12\/Chorgruppe.jpg\"><img loading=\"lazy\" decoding=\"async\" class=\"size-large wp-image-116\" src=\"https:\/\/printlayout-und-webdesign.de\/EVP\/wp-content\/uploads\/2024\/12\/Chorgruppe-1024x502.jpg\" alt=\"\" width=\"960\" height=\"471\" srcset=\"https:\/\/printlayout-und-webdesign.de\/EVP\/wp-content\/uploads\/2024\/12\/Chorgruppe-1024x502.jpg 1024w, https:\/\/printlayout-und-webdesign.de\/EVP\/wp-content\/uploads\/2024\/12\/Chorgruppe-300x147.jpg 300w, https:\/\/printlayout-und-webdesign.de\/EVP\/wp-content\/uploads\/2024\/12\/Chorgruppe-768x377.jpg 768w, https:\/\/printlayout-und-webdesign.de\/EVP\/wp-content\/uploads\/2024\/12\/Chorgruppe-1536x753.jpg 1536w, https:\/\/printlayout-und-webdesign.de\/EVP\/wp-content\/uploads\/2024\/12\/Chorgruppe-1140x559.jpg 1140w, https:\/\/printlayout-und-webdesign.de\/EVP\/wp-content\/uploads\/2024\/12\/Chorgruppe.jpg 1550w\" sizes=\"auto, (max-width: 960px) 100vw, 960px\" \/><\/a><figcaption id=\"caption-attachment-116\" class=\"wp-caption-text\">M\u00e4nnerchor \u201eEinigkeit\u201c Caputh e.V.<\/figcaption><\/figure>\n<\/div>\n<\/div><\/div><div id=\"panel-54-0-0-2\" class=\"so-panel widget widget_sow-editor\" data-index=\"2\" ><div\n\t\t\t\n\t\t\tclass=\"so-widget-sow-editor so-widget-sow-editor-base\"\n\t\t\t\n\t\t>\n<div class=\"siteorigin-widget-tinymce textwidget\">\n\t<audio class=\"wp-audio-shortcode\" id=\"audio-54-1\" preload=\"none\" style=\"width: 100%;\" controls=\"controls\"><source type=\"audio\/mpeg\" src=\"https:\/\/printlayout-und-webdesign.de\/EVP\/wp-content\/uploads\/2024\/12\/1732784602782-ma-nnerchor.m4a?_=1\" \/><a href=\"https:\/\/printlayout-und-webdesign.de\/EVP\/wp-content\/uploads\/2024\/12\/1732784602782-ma-nnerchor.m4a\">https:\/\/printlayout-und-webdesign.de\/EVP\/wp-content\/uploads\/2024\/12\/1732784602782-ma-nnerchor.m4a<\/a><\/audio>\n<\/div>\n<\/div><\/div><div id=\"panel-54-0-0-3\" class=\"so-panel widget widget_media_video panel-last-child\" data-index=\"3\" ><div style=\"width:100%;\" class=\"wp-video\"><video class=\"wp-video-shortcode\" id=\"video-54-1\" preload=\"metadata\" controls=\"controls\"><source type=\"video\/youtube\" src=\"https:\/\/www.youtube.com\/watch?v=QH5JhyNaZwQ&#038;_=1\" \/><a href=\"https:\/\/www.youtube.com\/watch?v=QH5JhyNaZwQ\">https:\/\/www.youtube.com\/watch?v=QH5JhyNaZwQ<\/a><\/video><\/div><\/div><\/div><\/div><\/div>","protected":false},"excerpt":{"rendered":"<p>Schon in den Wochen vor dem Praktikum haben wir uns mit dem M\u00e4nnerchor in Verbindung gesetzt und mit ihnen ein Interview vereinbart. Wir konnten viel \u00fcber die Beweggr\u00fcnde der Beteiligten und die Geschichte dieses \u00fcber 100 Jahre alten Chors erfahren, wie ihr im folgenden Interview h\u00f6ren k\u00f6nnt. Zudem k\u00f6nnt ihr euch noch ein paar Videodateien ansehen, bei denen sie singen, die ihr auch auf ihrer Website finden k\u00f6nnt.<\/p>\n","protected":false},"author":1,"featured_media":0,"parent":0,"menu_order":5,"comment_status":"closed","ping_status":"closed","template":"","meta":{"footnotes":""},"class_list":["post-54","page","type-page","status-publish","hentry"],"_links":{"self":[{"href":"https:\/\/printlayout-und-webdesign.de\/EVP\/wp-json\/wp\/v2\/pages\/54","targetHints":{"allow":["GET"]}}],"collection":[{"href":"https:\/\/printlayout-und-webdesign.de\/EVP\/wp-json\/wp\/v2\/pages"}],"about":[{"href":"https:\/\/printlayout-und-webdesign.de\/EVP\/wp-json\/wp\/v2\/types\/page"}],"author":[{"embeddable":true,"href":"https:\/\/printlayout-und-webdesign.de\/EVP\/wp-json\/wp\/v2\/users\/1"}],"replies":[{"embeddable":true,"href":"https:\/\/printlayout-und-webdesign.de\/EVP\/wp-json\/wp\/v2\/comments?post=54"}],"version-history":[{"count":3,"href":"https:\/\/printlayout-und-webdesign.de\/EVP\/wp-json\/wp\/v2\/pages\/54\/revisions"}],"predecessor-version":[{"id":117,"href":"https:\/\/printlayout-und-webdesign.de\/EVP\/wp-json\/wp\/v2\/pages\/54\/revisions\/117"}],"wp:attachment":[{"href":"https:\/\/printlayout-und-webdesign.de\/EVP\/wp-json\/wp\/v2\/media?parent=54"}],"curies":[{"name":"wp","href":"https:\/\/api.w.org\/{rel}","templated":true}]}}