{"id":76,"date":"2024-11-29T13:25:14","date_gmt":"2024-11-29T12:25:14","guid":{"rendered":"https:\/\/printlayout-und-webdesign.de\/EVP\/?page_id=76"},"modified":"2024-12-06T12:50:11","modified_gmt":"2024-12-06T11:50:11","slug":"impressum","status":"publish","type":"page","link":"https:\/\/printlayout-und-webdesign.de\/EVP\/impressum\/","title":{"rendered":"Impressum"},"content":{"rendered":"<div id=\"pl-76\"  class=\"panel-layout\" ><div id=\"pg-76-0\"  class=\"panel-grid panel-no-style\" ><div id=\"pgc-76-0-0\"  class=\"panel-grid-cell\" ><div id=\"panel-76-0-0-0\" class=\"so-panel widget widget_sow-video panel-first-child\" data-index=\"0\" ><div\n\t\t\t\n\t\t\tclass=\"so-widget-sow-video so-widget-sow-video-default-f379b959fc93-76\"\n\t\t\t\n\t\t>\n<div class=\"sow-video-wrapper\n\">\n\t\t\t<video\n\t\t\tid=\"sow-player-1\" class=\"sow-video-widget\" preload=\"auto\" style=\"width:100%;height:100%;\" autoplay playsinline muted=\"1\" controls \t\t>\n\t\t\t\t\t\t\t<source type=\"video\/mp4\" src=\"https:\/\/printlayout-und-webdesign.de\/EVP\/wp-content\/uploads\/2024\/12\/Einauditechno.mp4\"\/>\n\t\t\t\t\t<\/video>\n\t<\/div>\n<\/div><\/div><div id=\"panel-76-0-0-1\" class=\"so-panel widget widget_sow-editor panel-last-child\" data-index=\"1\" ><div\n\t\t\t\n\t\t\tclass=\"so-widget-sow-editor so-widget-sow-editor-base\"\n\t\t\t\n\t\t>\n<div class=\"siteorigin-widget-tinymce textwidget\">\n\t<p>\u00a0<\/p>\n<p><strong>Eigent\u00fcmer der Website und verantwortlich f\u00fcr den Inhalt:<\/strong><\/p>\n<p>Ivo Olias<br \/>Weberplatz 6<br \/>14482 Potsdam<\/p>\n<p><a href=\"mailto:info@ivoolias.de\">info@ivoolias.de<\/a><\/p>\n<p>Keine Verantwortung f\u00fcr Inhalte der verlinkten Seiten!<\/p>\n<p><strong>Inhaltliche Bearbeitung im Rahmen eines Sch\u00fclerbetriebspraktikums:<\/strong><\/p>\n<p>Marlene G\u00f6rmer und Elina Riek<br \/>(November, Dezember 2024)<\/p>\n<p>Alle Bilddateien und Videos entstanden in eigener Arbeit oder wurden von den darauf abgebildeten Personen zur Ver\u00f6ffentlichung freigegeben.<\/p>\n<p><strong>Webdesign:<\/strong><\/p>\n<p><a href=\"https:\/\/printlayout-und-webdesign.de\/\" target=\"_blank\" rel=\"noopener\">printlayout &amp; webdesign, Potsdam<\/a><\/p>\n<\/div>\n<\/div><\/div><\/div><\/div><\/div>","protected":false},"excerpt":{"rendered":"<p>\u00a0Eigent\u00fcmer der Website und verantwortlich f\u00fcr den Inhalt:Ivo OliasWeberplatz 614482 Potsdaminfo@ivoolias.deKeine Verantwortung f\u00fcr Inhalte der verlinkten Seiten!Inhaltliche Bearbeitung im Rahmen eines Sch\u00fclerbetriebspraktikums:Marlene G\u00f6rmer und Elina Riek(November, Dezember 2024)Alle Bilddateien und Videos entstanden in eigener Arbeit oder wurden von den darauf abgebildeten Personen zur Ver\u00f6ffentlichung freigegeben.Webdesign:printlayout &amp; webdesign, Potsdam<\/p>\n","protected":false},"author":1,"featured_media":0,"parent":0,"menu_order":11,"comment_status":"closed","ping_status":"closed","template":"","meta":{"footnotes":""},"class_list":["post-76","page","type-page","status-publish","hentry"],"_links":{"self":[{"href":"https:\/\/printlayout-und-webdesign.de\/EVP\/wp-json\/wp\/v2\/pages\/76","targetHints":{"allow":["GET"]}}],"collection":[{"href":"https:\/\/printlayout-und-webdesign.de\/EVP\/wp-json\/wp\/v2\/pages"}],"about":[{"href":"https:\/\/printlayout-und-webdesign.de\/EVP\/wp-json\/wp\/v2\/types\/page"}],"author":[{"embeddable":true,"href":"https:\/\/printlayout-und-webdesign.de\/EVP\/wp-json\/wp\/v2\/users\/1"}],"replies":[{"embeddable":true,"href":"https:\/\/printlayout-und-webdesign.de\/EVP\/wp-json\/wp\/v2\/comments?post=76"}],"version-history":[{"count":8,"href":"https:\/\/printlayout-und-webdesign.de\/EVP\/wp-json\/wp\/v2\/pages\/76\/revisions"}],"predecessor-version":[{"id":206,"href":"https:\/\/printlayout-und-webdesign.de\/EVP\/wp-json\/wp\/v2\/pages\/76\/revisions\/206"}],"wp:attachment":[{"href":"https:\/\/printlayout-und-webdesign.de\/EVP\/wp-json\/wp\/v2\/media?parent=76"}],"curies":[{"name":"wp","href":"https:\/\/api.w.org\/{rel}","templated":true}]}}